{"id":697,"date":"2022-08-29T15:40:23","date_gmt":"2022-08-29T15:40:23","guid":{"rendered":"https:\/\/gsepoxyfloors.com.pl\/?page_id=697"},"modified":"2022-08-29T15:40:53","modified_gmt":"2022-08-29T15:40:53","slug":"kamienny-dywan","status":"publish","type":"page","link":"https:\/\/gsepoxyfloors.com.pl\/index.php\/kamienny-dywan\/","title":{"rendered":"Kamienny dywan"},"content":{"rendered":"<p>[et_pb_section fb_built=&#8221;1&#8243; fullwidth=&#8221;on&#8221; _builder_version=&#8221;4.18.0&#8243; background_image=&#8221;https:\/\/gsepoxyfloors.com.pl\/wp-content\/uploads\/2022\/08\/AdobeStock_519349217-1.jpg&#8221; global_colors_info=&#8221;{}&#8221;][et_pb_fullwidth_header title=&#8221;Kamienny Dywan&#8221; text_orientation=&#8221;center&#8221; button_one_url=&#8221;#&#8221; button_two_url=&#8221;#&#8221; background_overlay_color=&#8221;rgba(44,48,56,0.81)&#8221; _builder_version=&#8221;4.18.0&#8243; title_font=&#8221;||||||||&#8221; title_font_size=&#8221;50px&#8221; background_enable_color=&#8221;off&#8221; background_image=&#8221;https:\/\/gsepoxyfloors.com.pl\/wp-content\/uploads\/2022\/08\/AdobeStock_519349217.jpg&#8221; parallax=&#8221;on&#8221; parallax_method=&#8221;on&#8221; custom_button_one=&#8221;on&#8221; button_one_text_size=&#8221;16&#8243; button_one_bg_color=&#8221;#495b6f&#8221; button_one_border_color=&#8221;#495b6f&#8221; button_one_use_icon=&#8221;off&#8221; button_one_custom_padding=&#8221;12px|42px|12px|42px|false|false&#8221; custom_button_two=&#8221;on&#8221; button_two_text_size=&#8221;16&#8243; button_two_use_icon=&#8221;off&#8221; button_two_custom_padding=&#8221;12px|42px|12px|42px|false|false&#8221; button_two_custom_padding_tablet=&#8221;12px|42px|12px|42px|false|false&#8221; button_two_custom_padding_phone=&#8221;12px|51px|12px|51px|false|true&#8221; button_two_custom_padding_last_edited=&#8221;on|phone&#8221; custom_margin=&#8221;||||false|false&#8221; custom_padding=&#8221;|||0px|true|false&#8221; custom_padding_tablet=&#8221;|||0px|true|false&#8221; custom_padding_phone=&#8221;40px||40px||true|false&#8221; custom_padding_last_edited=&#8221;on|phone&#8221; title_font_size_tablet=&#8221;&#8221; title_font_size_phone=&#8221;35px&#8221; title_font_size_last_edited=&#8221;on|phone&#8221; custom_css_button_2=&#8221; &#8221; button_one_border_color_hover=&#8221;#ffffff&#8221; button_two_border_color_hover=&#8221;#42ddcd&#8221; button_one_bg_color_hover=&#8221;rgba(255,255,255,0)&#8221; button_two_bg_color_hover=&#8221;#42ddcd&#8221; global_colors_info=&#8221;{}&#8221; button_one_text_size__hover_enabled=&#8221;off&#8221; button_two_text_size__hover_enabled=&#8221;off&#8221; button_one_text_color__hover_enabled=&#8221;off&#8221; button_two_text_color__hover_enabled=&#8221;off&#8221; button_one_border_width__hover_enabled=&#8221;off&#8221; button_two_border_width__hover_enabled=&#8221;off&#8221; button_one_border_color__hover_enabled=&#8221;on&#8221; button_one_border_color__hover=&#8221;#ffffff&#8221; button_two_border_color__hover_enabled=&#8221;on|desktop&#8221; button_two_border_color__hover=&#8221;#495b6f&#8221; button_one_border_radius__hover_enabled=&#8221;off&#8221; button_two_border_radius__hover_enabled=&#8221;off&#8221; button_one_letter_spacing__hover_enabled=&#8221;off&#8221; button_two_letter_spacing__hover_enabled=&#8221;off&#8221; button_one_bg_color__hover_enabled=&#8221;on|desktop&#8221; button_one_bg_color__hover=&#8221;rgba(255,255,255,0)&#8221; button_two_bg_color__hover_enabled=&#8221;on|hover&#8221; button_two_bg_color__hover=&#8221;#495b6f&#8221; button_two_bg_enable_color__hover=&#8221;on&#8221; custom_css_button_2_last_edited=&#8221;on|phone&#8221; custom_css_button_2_phone=&#8221;margin-left: -14px;&#8221; custom_css_button_2_tablet=&#8221; &#8221; custom_css_header_container_last_edited=&#8221;on|phone&#8221; custom_css_header_container_phone=&#8221;margin-top: -50px;&#8221;][\/et_pb_fullwidth_header][\/et_pb_section][et_pb_section fb_built=&#8221;1&#8243; module_id=&#8221;our-service&#8221; _builder_version=&#8221;4.16&#8243; custom_padding=&#8221;0px||106px|||&#8221; global_colors_info=&#8221;{}&#8221;][et_pb_row _builder_version=&#8221;4.16&#8243; custom_padding=&#8221;69px||0px|||&#8221; global_colors_info=&#8221;{}&#8221;][et_pb_column type=&#8221;4_4&#8243; _builder_version=&#8221;4.16&#8243; custom_padding=&#8221;|||&#8221; global_colors_info=&#8221;{}&#8221; custom_padding__hover=&#8221;|||&#8221;][et_pb_text _builder_version=&#8221;4.18.0&#8243; hover_enabled=&#8221;0&#8243; global_colors_info=&#8221;{}&#8221; sticky_enabled=&#8221;0&#8243;]<\/p>\n<p><span>Kamienny dywan jest dekoracyjnym wyko\u0144czeniem pod\u0142o\u017ca betonowego z\u0142o\u017conym z kamyczk\u00f3w spoinowanych \u017cywic\u0105, tworzy on struktur\u0119 drena\u017cow\u0105, czyli w pe\u0142ni przepuszcza wod\u0119, dzi\u0119ki czemu na powierzchni nie tworz\u0105 si\u0119 ka\u0142u\u017ce.<\/span><\/p>\n<p><span>Posadzk\u0119 kamienny dywan cechuje trwa\u0142o\u015b\u0107, szerokie zastosowanie oraz oryginalne dekoracyjne wzornictwo. W zale\u017cno\u015bci od wybranego kruszywa system dost\u0119pny jest w wielu wariantach kolorystycznych. Jest doskona\u0142\u0105 alternatyw\u0105 dla tradycyjnych posadzek i z powodzeniem pozwala zast\u0105pi\u0107 drewno, p\u0142ytki ceramiczne oraz inne materia\u0142y.<\/span><\/p>\n<p>[\/et_pb_text][\/et_pb_column][\/et_pb_row][\/et_pb_section]<\/p>\n","protected":false},"excerpt":{"rendered":"<p>Kamienny dywan jest dekoracyjnym wyko\u0144czeniem pod\u0142o\u017ca betonowego z\u0142o\u017conym z kamyczk\u00f3w spoinowanych \u017cywic\u0105, tworzy on struktur\u0119 drena\u017cow\u0105, czyli w pe\u0142ni przepuszcza wod\u0119, dzi\u0119ki czemu na powierzchni nie tworz\u0105 si\u0119 ka\u0142u\u017ce. Posadzk\u0119 kamienny dywan cechuje trwa\u0142o\u015b\u0107, szerokie zastosowanie oraz oryginalne dekoracyjne wzornictwo. W zale\u017cno\u015bci od wybranego kruszywa system dost\u0119pny jest w wielu wariantach kolorystycznych. Jest doskona\u0142\u0105 alternatyw\u0105 [&hellip;]<\/p>\n","protected":false},"author":1,"featured_media":0,"parent":0,"menu_order":0,"comment_status":"closed","ping_status":"closed","template":"","meta":{"_et_pb_use_builder":"on","_et_pb_old_content":"","_et_gb_content_width":"","footnotes":""},"class_list":["post-697","page","type-page","status-publish","hentry"],"_links":{"self":[{"href":"https:\/\/gsepoxyfloors.com.pl\/index.php\/wp-json\/wp\/v2\/pages\/697","targetHints":{"allow":["GET"]}}],"collection":[{"href":"https:\/\/gsepoxyfloors.com.pl\/index.php\/wp-json\/wp\/v2\/pages"}],"about":[{"href":"https:\/\/gsepoxyfloors.com.pl\/index.php\/wp-json\/wp\/v2\/types\/page"}],"author":[{"embeddable":true,"href":"https:\/\/gsepoxyfloors.com.pl\/index.php\/wp-json\/wp\/v2\/users\/1"}],"replies":[{"embeddable":true,"href":"https:\/\/gsepoxyfloors.com.pl\/index.php\/wp-json\/wp\/v2\/comments?post=697"}],"version-history":[{"count":4,"href":"https:\/\/gsepoxyfloors.com.pl\/index.php\/wp-json\/wp\/v2\/pages\/697\/revisions"}],"predecessor-version":[{"id":701,"href":"https:\/\/gsepoxyfloors.com.pl\/index.php\/wp-json\/wp\/v2\/pages\/697\/revisions\/701"}],"wp:attachment":[{"href":"https:\/\/gsepoxyfloors.com.pl\/index.php\/wp-json\/wp\/v2\/media?parent=697"}],"curies":[{"name":"wp","href":"https:\/\/api.w.org\/{rel}","templated":true}]}}