{"id":692,"date":"2022-08-29T15:38:39","date_gmt":"2022-08-29T15:38:39","guid":{"rendered":"https:\/\/gsepoxyfloors.com.pl\/?page_id=692"},"modified":"2022-08-29T15:39:51","modified_gmt":"2022-08-29T15:39:51","slug":"mikrocement","status":"publish","type":"page","link":"https:\/\/gsepoxyfloors.com.pl\/index.php\/mikrocement\/","title":{"rendered":"Mikrocement"},"content":{"rendered":"<p>[et_pb_section fb_built=&#8221;1&#8243; fullwidth=&#8221;on&#8221; _builder_version=&#8221;4.18.0&#8243; background_image=&#8221;https:\/\/gsepoxyfloors.com.pl\/wp-content\/uploads\/2022\/08\/AdobeStock_519349217-1.jpg&#8221; global_colors_info=&#8221;{}&#8221;][et_pb_fullwidth_header title=&#8221;Mikrocement&#8221; text_orientation=&#8221;center&#8221; button_one_url=&#8221;#&#8221; button_two_url=&#8221;#&#8221; background_overlay_color=&#8221;rgba(44,48,56,0.81)&#8221; _builder_version=&#8221;4.18.0&#8243; title_font=&#8221;||||||||&#8221; title_font_size=&#8221;50px&#8221; background_enable_color=&#8221;off&#8221; background_image=&#8221;https:\/\/gsepoxyfloors.com.pl\/wp-content\/uploads\/2022\/08\/AdobeStock_519349217.jpg&#8221; parallax=&#8221;on&#8221; parallax_method=&#8221;on&#8221; custom_button_one=&#8221;on&#8221; button_one_text_size=&#8221;16&#8243; button_one_bg_color=&#8221;#495b6f&#8221; button_one_border_color=&#8221;#495b6f&#8221; button_one_use_icon=&#8221;off&#8221; button_one_custom_padding=&#8221;12px|42px|12px|42px|false|false&#8221; custom_button_two=&#8221;on&#8221; button_two_text_size=&#8221;16&#8243; button_two_use_icon=&#8221;off&#8221; button_two_custom_padding=&#8221;12px|42px|12px|42px|false|false&#8221; button_two_custom_padding_tablet=&#8221;12px|42px|12px|42px|false|false&#8221; button_two_custom_padding_phone=&#8221;12px|51px|12px|51px|false|true&#8221; button_two_custom_padding_last_edited=&#8221;on|phone&#8221; custom_margin=&#8221;||||false|false&#8221; custom_padding=&#8221;|||0px|true|false&#8221; custom_padding_tablet=&#8221;|||0px|true|false&#8221; custom_padding_phone=&#8221;40px||40px||true|false&#8221; custom_padding_last_edited=&#8221;on|phone&#8221; hover_enabled=&#8221;0&#8243; title_font_size_tablet=&#8221;&#8221; title_font_size_phone=&#8221;35px&#8221; title_font_size_last_edited=&#8221;on|phone&#8221; custom_css_button_2=&#8221; &#8221; button_one_border_color_hover=&#8221;#ffffff&#8221; button_two_border_color_hover=&#8221;#42ddcd&#8221; button_one_bg_color_hover=&#8221;rgba(255,255,255,0)&#8221; button_two_bg_color_hover=&#8221;#42ddcd&#8221; global_colors_info=&#8221;{}&#8221; button_one_text_size__hover_enabled=&#8221;off&#8221; button_two_text_size__hover_enabled=&#8221;off&#8221; button_one_text_color__hover_enabled=&#8221;off&#8221; button_two_text_color__hover_enabled=&#8221;off&#8221; button_one_border_width__hover_enabled=&#8221;off&#8221; button_two_border_width__hover_enabled=&#8221;off&#8221; button_one_border_color__hover_enabled=&#8221;on&#8221; button_one_border_color__hover=&#8221;#ffffff&#8221; button_two_border_color__hover_enabled=&#8221;on|desktop&#8221; button_two_border_color__hover=&#8221;#495b6f&#8221; button_one_border_radius__hover_enabled=&#8221;off&#8221; button_two_border_radius__hover_enabled=&#8221;off&#8221; button_one_letter_spacing__hover_enabled=&#8221;off&#8221; button_two_letter_spacing__hover_enabled=&#8221;off&#8221; button_one_bg_color__hover_enabled=&#8221;on|desktop&#8221; button_one_bg_color__hover=&#8221;rgba(255,255,255,0)&#8221; button_two_bg_color__hover_enabled=&#8221;on|hover&#8221; button_two_bg_color__hover=&#8221;#495b6f&#8221; button_two_bg_enable_color__hover=&#8221;on&#8221; custom_css_button_2_last_edited=&#8221;on|phone&#8221; custom_css_button_2_phone=&#8221;margin-left: -14px;&#8221; custom_css_button_2_tablet=&#8221; &#8221; custom_css_header_container_last_edited=&#8221;on|phone&#8221; custom_css_header_container_phone=&#8221;margin-top: -50px;&#8221; sticky_enabled=&#8221;0&#8243;][\/et_pb_fullwidth_header][\/et_pb_section][et_pb_section fb_built=&#8221;1&#8243; module_id=&#8221;our-service&#8221; _builder_version=&#8221;4.16&#8243; custom_padding=&#8221;0px|||&#8221; global_colors_info=&#8221;{}&#8221;][et_pb_row _builder_version=&#8221;4.16&#8243; custom_padding=&#8221;69px||0px|||&#8221; global_colors_info=&#8221;{}&#8221;][et_pb_column type=&#8221;4_4&#8243; _builder_version=&#8221;4.16&#8243; custom_padding=&#8221;|||&#8221; global_colors_info=&#8221;{}&#8221; custom_padding__hover=&#8221;|||&#8221;][et_pb_text _builder_version=&#8221;4.18.0&#8243; hover_enabled=&#8221;0&#8243; global_colors_info=&#8221;{}&#8221; sticky_enabled=&#8221;0&#8243;]<\/p>\n<p>Mikrocement to nowoczesny materia\u0142 wyko\u0144czeniowy, kt\u00f3ry ca\u0142y czas zyskuje na popularno\u015bci, szczeg\u00f3lnie we wn\u0119trzach w stylu minimalistycznym i loftowym.<\/p>\n<p>Najcz\u0119\u015bciej wykonuje si\u0119 z niego posadzki, kt\u00f3re charakteryzuj\u0105 si\u0119 bardzo dobrymi w\u0142a\u015bciwo\u015bciami fizycznymi. Otrzymujemy wtedy estetyczny efekt jednolitej, g\u0142adkiej pod\u0142ogi. Ponadto mikrocement na pod\u0142odze to doskona\u0142e rozwi\u0105zanie ze wzgl\u0119du na to, \u017ce przybiera on temperatur\u0119 otoczenia, czym r\u00f3\u017cni si\u0119 od standardowego, zimnego betonu. Dobrze przewodzi te\u017c ciep\u0142o, b\u0119dzie wi\u0119c idealnym rozwi\u0105zaniem w przypadku ogrzewania pod\u0142ogowego.<\/p>\n<p>Mikrocement na \u015bcianie to r\u00f3wnie\u017c \u015bwietne rozwi\u0105zanie. Dzi\u0119ki jego plastyczno\u015bci mo\u017cemy uzyska\u0107 idealnie g\u0142adk\u0105, jak i chropowat\u0105 powierzchni\u0119. Mo\u017cna nada\u0107 r\u00f3wnie\u017c bardziej, jak i mniej widoczn\u0105 faktur\u0119. Mikrocement w \u0142azience mo\u017cemy zastosowa\u0107 w ka\u017cdym miejscu, tak\u017ce w strefach nara\u017conych na ci\u0105g\u0142e zachlapania: przy umywalce, czy pod prysznicem. Dzi\u0119ki w\u0142a\u015bciwo\u015bciom hydrofobowym doskonale sprawdzi si\u0119 w formie \u015bcianek prysznica, brodzika, a nawet wanny.<\/p>\n<p>[\/et_pb_text][\/et_pb_column][\/et_pb_row][\/et_pb_section]<\/p>\n","protected":false},"excerpt":{"rendered":"<p>Mikrocement to nowoczesny materia\u0142 wyko\u0144czeniowy, kt\u00f3ry ca\u0142y czas zyskuje na popularno\u015bci, szczeg\u00f3lnie we wn\u0119trzach w stylu minimalistycznym i loftowym. Najcz\u0119\u015bciej wykonuje si\u0119 z niego posadzki, kt\u00f3re charakteryzuj\u0105 si\u0119 bardzo dobrymi w\u0142a\u015bciwo\u015bciami fizycznymi. Otrzymujemy wtedy estetyczny efekt jednolitej, g\u0142adkiej pod\u0142ogi. Ponadto mikrocement na pod\u0142odze to doskona\u0142e rozwi\u0105zanie ze wzgl\u0119du na to, \u017ce przybiera on temperatur\u0119 otoczenia, [&hellip;]<\/p>\n","protected":false},"author":1,"featured_media":0,"parent":0,"menu_order":0,"comment_status":"closed","ping_status":"closed","template":"","meta":{"_et_pb_use_builder":"on","_et_pb_old_content":"","_et_gb_content_width":"","footnotes":""},"class_list":["post-692","page","type-page","status-publish","hentry"],"_links":{"self":[{"href":"https:\/\/gsepoxyfloors.com.pl\/index.php\/wp-json\/wp\/v2\/pages\/692","targetHints":{"allow":["GET"]}}],"collection":[{"href":"https:\/\/gsepoxyfloors.com.pl\/index.php\/wp-json\/wp\/v2\/pages"}],"about":[{"href":"https:\/\/gsepoxyfloors.com.pl\/index.php\/wp-json\/wp\/v2\/types\/page"}],"author":[{"embeddable":true,"href":"https:\/\/gsepoxyfloors.com.pl\/index.php\/wp-json\/wp\/v2\/users\/1"}],"replies":[{"embeddable":true,"href":"https:\/\/gsepoxyfloors.com.pl\/index.php\/wp-json\/wp\/v2\/comments?post=692"}],"version-history":[{"count":3,"href":"https:\/\/gsepoxyfloors.com.pl\/index.php\/wp-json\/wp\/v2\/pages\/692\/revisions"}],"predecessor-version":[{"id":696,"href":"https:\/\/gsepoxyfloors.com.pl\/index.php\/wp-json\/wp\/v2\/pages\/692\/revisions\/696"}],"wp:attachment":[{"href":"https:\/\/gsepoxyfloors.com.pl\/index.php\/wp-json\/wp\/v2\/media?parent=692"}],"curies":[{"name":"wp","href":"https:\/\/api.w.org\/{rel}","templated":true}]}}