{"id":679,"date":"2022-08-29T15:25:35","date_gmt":"2022-08-29T15:25:35","guid":{"rendered":"https:\/\/gsepoxyfloors.com.pl\/?page_id=679"},"modified":"2022-08-29T15:37:22","modified_gmt":"2022-08-29T15:37:22","slug":"posadzki-zywiczne","status":"publish","type":"page","link":"https:\/\/gsepoxyfloors.com.pl\/index.php\/posadzki-zywiczne\/","title":{"rendered":"POSADZKI \u017bYWICZNE"},"content":{"rendered":"<p>[et_pb_section fb_built=&#8221;1&#8243; fullwidth=&#8221;on&#8221; _builder_version=&#8221;4.18.0&#8243; background_image=&#8221;https:\/\/gsepoxyfloors.com.pl\/wp-content\/uploads\/2022\/08\/AdobeStock_519349217-1.jpg&#8221; global_colors_info=&#8221;{}&#8221;][et_pb_fullwidth_header title=&#8221;Posadzki \u017bywiczne&#8221; text_orientation=&#8221;center&#8221; button_one_url=&#8221;#&#8221; button_two_url=&#8221;#&#8221; background_overlay_color=&#8221;rgba(44,48,56,0.81)&#8221; _builder_version=&#8221;4.18.0&#8243; title_font=&#8221;||||||||&#8221; title_font_size=&#8221;50px&#8221; background_enable_color=&#8221;off&#8221; background_image=&#8221;https:\/\/gsepoxyfloors.com.pl\/wp-content\/uploads\/2022\/08\/AdobeStock_519349217.jpg&#8221; parallax=&#8221;on&#8221; parallax_method=&#8221;on&#8221; custom_button_one=&#8221;on&#8221; button_one_text_size=&#8221;16&#8243; button_one_bg_color=&#8221;#495b6f&#8221; button_one_border_color=&#8221;#495b6f&#8221; button_one_use_icon=&#8221;off&#8221; button_one_custom_padding=&#8221;12px|42px|12px|42px|false|false&#8221; custom_button_two=&#8221;on&#8221; button_two_text_size=&#8221;16&#8243; button_two_use_icon=&#8221;off&#8221; button_two_custom_padding=&#8221;12px|42px|12px|42px|false|false&#8221; button_two_custom_padding_tablet=&#8221;12px|42px|12px|42px|false|false&#8221; button_two_custom_padding_phone=&#8221;12px|51px|12px|51px|false|true&#8221; button_two_custom_padding_last_edited=&#8221;on|phone&#8221; custom_margin=&#8221;||||false|false&#8221; custom_padding=&#8221;|||0px|true|false&#8221; custom_padding_tablet=&#8221;|||0px|true|false&#8221; custom_padding_phone=&#8221;40px||40px||true|false&#8221; custom_padding_last_edited=&#8221;on|phone&#8221; hover_enabled=&#8221;0&#8243; title_font_size_tablet=&#8221;&#8221; title_font_size_phone=&#8221;35px&#8221; title_font_size_last_edited=&#8221;on|phone&#8221; custom_css_button_2=&#8221; &#8221; button_one_border_color_hover=&#8221;#ffffff&#8221; button_two_border_color_hover=&#8221;#42ddcd&#8221; button_one_bg_color_hover=&#8221;rgba(255,255,255,0)&#8221; button_two_bg_color_hover=&#8221;#42ddcd&#8221; global_colors_info=&#8221;{}&#8221; button_one_text_size__hover_enabled=&#8221;off&#8221; button_two_text_size__hover_enabled=&#8221;off&#8221; button_one_text_color__hover_enabled=&#8221;off&#8221; button_two_text_color__hover_enabled=&#8221;off&#8221; button_one_border_width__hover_enabled=&#8221;off&#8221; button_two_border_width__hover_enabled=&#8221;off&#8221; button_one_border_color__hover_enabled=&#8221;on&#8221; button_one_border_color__hover=&#8221;#ffffff&#8221; button_two_border_color__hover_enabled=&#8221;on|desktop&#8221; button_two_border_color__hover=&#8221;#495b6f&#8221; button_one_border_radius__hover_enabled=&#8221;off&#8221; button_two_border_radius__hover_enabled=&#8221;off&#8221; button_one_letter_spacing__hover_enabled=&#8221;off&#8221; button_two_letter_spacing__hover_enabled=&#8221;off&#8221; button_one_bg_color__hover_enabled=&#8221;on|desktop&#8221; button_one_bg_color__hover=&#8221;rgba(255,255,255,0)&#8221; button_two_bg_color__hover_enabled=&#8221;on|hover&#8221; button_two_bg_color__hover=&#8221;#495b6f&#8221; button_two_bg_enable_color__hover=&#8221;on&#8221; custom_css_button_2_last_edited=&#8221;on|phone&#8221; custom_css_button_2_phone=&#8221;margin-left: -14px;&#8221; custom_css_button_2_tablet=&#8221; &#8221; custom_css_header_container_last_edited=&#8221;on|phone&#8221; custom_css_header_container_phone=&#8221;margin-top: -50px;&#8221; sticky_enabled=&#8221;0&#8243;][\/et_pb_fullwidth_header][\/et_pb_section][et_pb_section fb_built=&#8221;1&#8243; module_id=&#8221;our-service&#8221; _builder_version=&#8221;4.16&#8243; custom_padding=&#8221;0px|||&#8221; global_colors_info=&#8221;{}&#8221;][et_pb_row _builder_version=&#8221;4.16&#8243; custom_padding=&#8221;98px||0px|||&#8221; global_colors_info=&#8221;{}&#8221;][et_pb_column type=&#8221;4_4&#8243; _builder_version=&#8221;4.16&#8243; custom_padding=&#8221;|||&#8221; global_colors_info=&#8221;{}&#8221; custom_padding__hover=&#8221;|||&#8221;][et_pb_text _builder_version=&#8221;4.18.0&#8243; header_2_text_color=&#8221;#495b6f&#8221; header_2_font_size=&#8221;37px&#8221; custom_margin=&#8221;||14px||false|false&#8221; hover_enabled=&#8221;0&#8243; header_2_font_size_tablet=&#8221;37px&#8221; header_2_font_size_phone=&#8221;30px&#8221; header_2_font_size_last_edited=&#8221;on|phone&#8221; global_colors_info=&#8221;{}&#8221; sticky_enabled=&#8221;0&#8243;]<\/p>\n<h2 class=\"baseline\" style=\"text-align: center;\">Posadzka Poliuretanowa<\/h2>\n<p>[\/et_pb_text][\/et_pb_column][\/et_pb_row][et_pb_row make_equal=&#8221;on&#8221; _builder_version=&#8221;4.18.0&#8243; custom_padding=&#8221;0px|||&#8221; custom_css_main_element=&#8221;display: -webkit-box;|| display: -ms-flexbox;|| display: flex;|| -webkit-box-align: center;|| -ms-flex-align: center;|| align-items: center;|| -webkit-box-orient: horizontal;|| -webkit-box-direction: normal;|| -ms-flex-direction: row;|| flex-direction: row;|| -ms-flex-wrap: wrap;|| flex-wrap: wrap;&#8221; global_colors_info=&#8221;{}&#8221;][et_pb_column type=&#8221;4_4&#8243; _builder_version=&#8221;4.16&#8243; custom_padding=&#8221;|||&#8221; global_colors_info=&#8221;{}&#8221; custom_padding__hover=&#8221;|||&#8221;][et_pb_text _builder_version=&#8221;4.18.0&#8243; global_colors_info=&#8221;{}&#8221;]<\/p>\n<p style=\"text-align: center;\"><span>Prosta w czyszczeniu, odporna na uszkodzenia i zarysowania \u017cywica poliuretanowa doskonale sprawdzi si\u0119 jako materia\u0142 na posadzk\u0119 do nowoczesnych wn\u0119trz. Ten alternatywny dla paneli czy p\u0142ytek podk\u0142ad na pod\u0142og\u0119 zachowa sw\u00f3j estetyczny wygl\u0105d przez kilkana\u015bcie kolejnych lat.\u00a0G\u0142adka i jednolita posadzka poliuretanowa bez \u0142\u0105cze\u0144 daje si\u0119 \u0142atwo czy\u015bci\u0107. Jej eksploatacja i czyszczenie nie sprawiaj\u0105 \u017cadnego problemu, a szczelna bezspoinowa posadzka nie przepuszcza wilgoci oraz nie gromadzi si\u0119 w niej kurz i inne zanieczyszczenia,\u00a0dlatego ten rodzaj pod\u0142\u00f3g sprawdzi si\u0119 w mieszkaniu alergika. Ponadto powierzchnie pokryte \u017cywic\u0105 poliuretanow\u0105 nie odbarwiaj\u0105 si\u0119 ze wzgl\u0119du na odporno\u015b\u0107 na promieniowanie UV. Mo\u017cesz je wi\u0119c zastosowa\u0107 w pobli\u017cu okien oraz wsz\u0119dzie tam, gdzie b\u0119d\u0105 nara\u017cone na dzia\u0142anie \u015bwiat\u0142a.\u00a0Posadzka poliuretanowa charakteryzuje si\u0119 r\u00f3wnie\u017c wysok\u0105 spr\u0119\u017cysto\u015bci\u0105, mi\u0119kko\u015bci\u0105 i antypo\u015blizgowo\u015bci\u0105. Taka pod\u0142oga to wi\u0119c idealne rozwi\u0105zanie dla rodzin z dzie\u0107mi. Powierzchnia pokryta \u017cywic\u0105 t\u0142umi\u0105ca odg\u0142osy krok\u00f3w i obci\u0105\u017cenia jest komfortowa i bezpieczna dla najm\u0142odszych (upadki s\u0105 amortyzowane). Po \u017cywicznej posadzce przyjemnie chodzi si\u0119 bosymi stopami, a na pod\u0142odze w mniejszym stopniu ni\u017c na innych powierzchniach osadza si\u0119 kurz. Dodatkowo idealnie\u00a0sprawdza si\u0119 pod ogrzewanie pod\u0142ogowe.<\/span><\/p>\n<p>[\/et_pb_text][\/et_pb_column][\/et_pb_row][\/et_pb_section][et_pb_section fb_built=&#8221;1&#8243; module_id=&#8221;our-service&#8221; _builder_version=&#8221;4.16&#8243; custom_padding=&#8221;0px|||&#8221; global_colors_info=&#8221;{}&#8221;][et_pb_row _builder_version=&#8221;4.16&#8243; custom_padding=&#8221;18px||0px|||&#8221; global_colors_info=&#8221;{}&#8221;][et_pb_column type=&#8221;4_4&#8243; _builder_version=&#8221;4.16&#8243; custom_padding=&#8221;|||&#8221; global_colors_info=&#8221;{}&#8221; custom_padding__hover=&#8221;|||&#8221;][et_pb_text _builder_version=&#8221;4.18.0&#8243; header_2_text_color=&#8221;#495b6f&#8221; header_2_font_size=&#8221;37px&#8221; custom_margin=&#8221;||14px||false|false&#8221; header_2_font_size_tablet=&#8221;37px&#8221; header_2_font_size_phone=&#8221;37px&#8221; header_2_font_size_last_edited=&#8221;on|desktop&#8221; global_colors_info=&#8221;{}&#8221;]<\/p>\n<h2 class=\"baseline\" style=\"text-align: center;\">Posadzka Epoksydowa<\/h2>\n<p>[\/et_pb_text][\/et_pb_column][\/et_pb_row][et_pb_row make_equal=&#8221;on&#8221; _builder_version=&#8221;4.18.0&#8243; custom_padding=&#8221;0px|||&#8221; custom_css_main_element=&#8221;display: -webkit-box;|| display: -ms-flexbox;|| display: flex;|| -webkit-box-align: center;|| -ms-flex-align: center;|| align-items: center;|| -webkit-box-orient: horizontal;|| -webkit-box-direction: normal;|| -ms-flex-direction: row;|| flex-direction: row;|| -ms-flex-wrap: wrap;|| flex-wrap: wrap;&#8221; global_colors_info=&#8221;{}&#8221;][et_pb_column type=&#8221;4_4&#8243; _builder_version=&#8221;4.16&#8243; custom_padding=&#8221;|||&#8221; global_colors_info=&#8221;{}&#8221; custom_padding__hover=&#8221;|||&#8221;][et_pb_text _builder_version=&#8221;4.18.0&#8243; global_colors_info=&#8221;{}&#8221;]<\/p>\n<p style=\"text-align: center;\"><span>Stosowane w gara\u017cach, magazynach, halach produkcyjnych, warsztatach oraz wsz\u0119dzie tam gdzie wymagana jest odporno\u015b\u0107 posadzki na uszkodzenia mechaniczne i chemiczne.<\/span><\/p>\n<p>[\/et_pb_text][\/et_pb_column][\/et_pb_row][\/et_pb_section]<\/p>\n","protected":false},"excerpt":{"rendered":"<p>Posadzka PoliuretanowaProsta w czyszczeniu, odporna na uszkodzenia i zarysowania \u017cywica poliuretanowa doskonale sprawdzi si\u0119 jako materia\u0142 na posadzk\u0119 do nowoczesnych wn\u0119trz. Ten alternatywny dla paneli czy p\u0142ytek podk\u0142ad na pod\u0142og\u0119 zachowa sw\u00f3j estetyczny wygl\u0105d przez kilkana\u015bcie kolejnych lat.\u00a0G\u0142adka i jednolita posadzka poliuretanowa bez \u0142\u0105cze\u0144 daje si\u0119 \u0142atwo czy\u015bci\u0107. Jej eksploatacja i czyszczenie nie sprawiaj\u0105 \u017cadnego [&hellip;]<\/p>\n","protected":false},"author":1,"featured_media":0,"parent":0,"menu_order":0,"comment_status":"closed","ping_status":"closed","template":"","meta":{"_et_pb_use_builder":"on","_et_pb_old_content":"","_et_gb_content_width":"","footnotes":""},"class_list":["post-679","page","type-page","status-publish","hentry"],"_links":{"self":[{"href":"https:\/\/gsepoxyfloors.com.pl\/index.php\/wp-json\/wp\/v2\/pages\/679","targetHints":{"allow":["GET"]}}],"collection":[{"href":"https:\/\/gsepoxyfloors.com.pl\/index.php\/wp-json\/wp\/v2\/pages"}],"about":[{"href":"https:\/\/gsepoxyfloors.com.pl\/index.php\/wp-json\/wp\/v2\/types\/page"}],"author":[{"embeddable":true,"href":"https:\/\/gsepoxyfloors.com.pl\/index.php\/wp-json\/wp\/v2\/users\/1"}],"replies":[{"embeddable":true,"href":"https:\/\/gsepoxyfloors.com.pl\/index.php\/wp-json\/wp\/v2\/comments?post=679"}],"version-history":[{"count":10,"href":"https:\/\/gsepoxyfloors.com.pl\/index.php\/wp-json\/wp\/v2\/pages\/679\/revisions"}],"predecessor-version":[{"id":691,"href":"https:\/\/gsepoxyfloors.com.pl\/index.php\/wp-json\/wp\/v2\/pages\/679\/revisions\/691"}],"wp:attachment":[{"href":"https:\/\/gsepoxyfloors.com.pl\/index.php\/wp-json\/wp\/v2\/media?parent=679"}],"curies":[{"name":"wp","href":"https:\/\/api.w.org\/{rel}","templated":true}]}}